{"id":2,"date":"2022-02-04T13:57:04","date_gmt":"2022-02-04T13:57:04","guid":{"rendered":"http:\/\/xn--frisrklippen-yjb.dk\/?page_id=2"},"modified":"2026-03-29T12:35:22","modified_gmt":"2026-03-29T12:35:22","slug":"sample-page","status":"publish","type":"page","link":"https:\/\/xn--frisrklippen-yjb.dk\/","title":{"rendered":"Klippen naturlig smuk"},"content":{"rendered":"<div class=\"wp-block-image\">\n<figure class=\"aligncenter size-large\"><img loading=\"lazy\" decoding=\"async\" width=\"1024\" height=\"768\" src=\"http:\/\/xn--frisrklippen-yjb.dk\/wp-content\/uploads\/2022\/04\/IMG_3949-1024x768.jpg\" alt=\"\" class=\"wp-image-111\" srcset=\"https:\/\/xn--frisrklippen-yjb.dk\/wp-content\/uploads\/2022\/04\/IMG_3949-1024x768.jpg 1024w, https:\/\/xn--frisrklippen-yjb.dk\/wp-content\/uploads\/2022\/04\/IMG_3949-300x225.jpg 300w, https:\/\/xn--frisrklippen-yjb.dk\/wp-content\/uploads\/2022\/04\/IMG_3949-768x576.jpg 768w, https:\/\/xn--frisrklippen-yjb.dk\/wp-content\/uploads\/2022\/04\/IMG_3949-1536x1152.jpg 1536w, https:\/\/xn--frisrklippen-yjb.dk\/wp-content\/uploads\/2022\/04\/IMG_3949-2048x1536.jpg 2048w\" sizes=\"auto, (max-width: 1024px) 100vw, 1024px\" \/><\/figure>\n<\/div>\n\n\n<p class=\"has-text-align-center\">&nbsp;<\/p>\n\n\n\n<p class=\"has-text-align-center\">N\u00e5r du v\u00e6lger KLIPPEN naturlig smuk,f\u00e5r du en belandling som er sk\u00e5nelige for h\u00e5ret, dig, mig og milj\u00f8et, da jeg bruger svanem\u00e6rket h\u00e5rprodukter og naturfarve uden ppd og andre skadelige kemikalier.<\/p>\n\n\n\n<p>Alt i min salonen er s\u00e5 vidt muligt genbrug, da jeg g\u00e5r ind for b\u00e6redygtighed, for mine b\u00f8rns fremtid.<\/p>\n\n\n\n<p><\/p>\n","protected":false},"excerpt":{"rendered":"<p>&nbsp; N\u00e5r du v\u00e6lger KLIPPEN naturlig smuk,f\u00e5r du en belandling som er sk\u00e5nelige for h\u00e5ret, dig, mig og milj\u00f8et, da jeg bruger svanem\u00e6rket h\u00e5rprodukter og naturfarve uden ppd og andre skadelige kemikalier. Alt i min salonen er s\u00e5 vidt muligt genbrug, da jeg g\u00e5r ind for b\u00e6redygtighed, for mine b\u00f8rns fremtid.<\/p>\n","protected":false},"author":1,"featured_media":0,"parent":0,"menu_order":0,"comment_status":"closed","ping_status":"open","template":"","meta":{"footnotes":""},"class_list":["post-2","page","type-page","status-publish","hentry"],"_links":{"self":[{"href":"https:\/\/xn--frisrklippen-yjb.dk\/index.php\/wp-json\/wp\/v2\/pages\/2","targetHints":{"allow":["GET"]}}],"collection":[{"href":"https:\/\/xn--frisrklippen-yjb.dk\/index.php\/wp-json\/wp\/v2\/pages"}],"about":[{"href":"https:\/\/xn--frisrklippen-yjb.dk\/index.php\/wp-json\/wp\/v2\/types\/page"}],"author":[{"embeddable":true,"href":"https:\/\/xn--frisrklippen-yjb.dk\/index.php\/wp-json\/wp\/v2\/users\/1"}],"replies":[{"embeddable":true,"href":"https:\/\/xn--frisrklippen-yjb.dk\/index.php\/wp-json\/wp\/v2\/comments?post=2"}],"version-history":[{"count":17,"href":"https:\/\/xn--frisrklippen-yjb.dk\/index.php\/wp-json\/wp\/v2\/pages\/2\/revisions"}],"predecessor-version":[{"id":149,"href":"https:\/\/xn--frisrklippen-yjb.dk\/index.php\/wp-json\/wp\/v2\/pages\/2\/revisions\/149"}],"wp:attachment":[{"href":"https:\/\/xn--frisrklippen-yjb.dk\/index.php\/wp-json\/wp\/v2\/media?parent=2"}],"curies":[{"name":"wp","href":"https:\/\/api.w.org\/{rel}","templated":true}]}}